{"id":4389,"date":"2017-04-13T12:58:19","date_gmt":"2017-04-13T12:58:19","guid":{"rendered":"https:\/\/protecmobil.com\/q18\/"},"modified":"2025-05-30T08:10:24","modified_gmt":"2025-05-30T08:10:24","slug":"q18","status":"publish","type":"page","link":"http:\/\/protecmobil.com\/fr\/q18\/","title":{"rendered":"Q18"},"content":{"rendered":"<div id=\"cs-content\" class=\"cs-content\"><\/div>","protected":false},"excerpt":{"rendered":"<p>D\u00e9couvrez le camping-car Q18 de PROTECD\u00e9couvrez le camping-car Q18 de PROTECPlans d&#8217;\u00e9tage\u00c9quipementGalerie&nbsp;PRINCIPESComme base, nous vous proposons deux variantes de plan : Q18 CLASSIC et Q18 VARIO. Les variantes plus respectives comprennent une alc\u00f4ve de couchage avec un lit double (200cm x 140cm). Dans la version de base, la plus petite<\/p>\n<a href=\"http:\/\/protecmobil.com\/fr\/q18\/\" class=\"more-link\">weiterlesen...<\/a>.","protected":false},"author":1,"featured_media":0,"parent":0,"menu_order":0,"comment_status":"closed","ping_status":"closed","template":"template-blank-4.php","meta":{"footnotes":""},"class_list":["post-4389","page","type-page","status-publish","hentry","no-post-thumbnail"],"yoast_head":"\n<title>D\u00e9couvrez la Q18, avec des slide out sur toute la longueur<\/title>\n<meta name=\"description\" content=\"Le Protec Q18, unique en son genre, est le premier camping-car \u00e0 disposer de slide out sur toute la longueur de la carrosserie. Un gain d&#039;espace de 55% en mode habitable.\" \/>\n<meta name=\"robots\" content=\"index, follow, max-snippet:-1, max-image-preview:large, max-video-preview:-1\" \/>\n<link rel=\"canonical\" href=\"http:\/\/protecmobil.com\/fr\/q18\/\" \/>\n<meta property=\"og:locale\" content=\"fr_FR\" \/>\n<meta property=\"og:type\" content=\"article\" \/>\n<meta property=\"og:title\" content=\"D\u00e9couvrez la Q18, avec des slide out sur toute la longueur\" \/>\n<meta property=\"og:description\" content=\"Le Protec Q18, unique en son genre, est le premier camping-car \u00e0 disposer de slide out sur toute la longueur de la carrosserie. Un gain d&#039;espace de 55% en mode habitable.\" \/>\n<meta property=\"og:url\" content=\"http:\/\/protecmobil.com\/fr\/q18\/\" \/>\n<meta property=\"og:site_name\" content=\"PROTEC, Wohnmobile mit beidseitigen Slide Outs &uuml;ber die komplette Aufbaul&auml;nge.\" \/>\n<meta property=\"article:modified_time\" content=\"2025-05-30T08:10:24+00:00\" \/>\n<meta name=\"twitter:card\" content=\"summary_large_image\" \/>\n<meta name=\"twitter:label1\" content=\"Dur\u00e9e de lecture estim\u00e9e\" \/>\n\t<meta name=\"twitter:data1\" content=\"21 minutes\" \/>\n<script type=\"application\/ld+json\" class=\"yoast-schema-graph\">{\"@context\":\"https:\\\/\\\/schema.org\",\"@graph\":[{\"@type\":\"WebPage\",\"@id\":\"http:\\\/\\\/protecmobil.com\\\/fr\\\/q18\\\/\",\"url\":\"http:\\\/\\\/protecmobil.com\\\/fr\\\/q18\\\/\",\"name\":\"D\u00e9couvrez la Q18, avec des slide out sur toute la longueur\",\"isPartOf\":{\"@id\":\"https:\\\/\\\/protecmobil.com\\\/#website\"},\"datePublished\":\"2017-04-13T12:58:19+00:00\",\"dateModified\":\"2025-05-30T08:10:24+00:00\",\"description\":\"Le Protec Q18, unique en son genre, est le premier camping-car \u00e0 disposer de slide out sur toute la longueur de la carrosserie. Un gain d'espace de 55% en mode habitable.\",\"breadcrumb\":{\"@id\":\"http:\\\/\\\/protecmobil.com\\\/fr\\\/q18\\\/#breadcrumb\"},\"inLanguage\":\"fr-FR\",\"potentialAction\":[{\"@type\":\"ReadAction\",\"target\":[\"http:\\\/\\\/protecmobil.com\\\/fr\\\/q18\\\/\"]}]},{\"@type\":\"BreadcrumbList\",\"@id\":\"http:\\\/\\\/protecmobil.com\\\/fr\\\/q18\\\/#breadcrumb\",\"itemListElement\":[{\"@type\":\"ListItem\",\"position\":1,\"name\":\"Startseite\",\"item\":\"https:\\\/\\\/protecmobil.com\\\/fr\\\/\"},{\"@type\":\"ListItem\",\"position\":2,\"name\":\"Q18\"}]},{\"@type\":\"WebSite\",\"@id\":\"https:\\\/\\\/protecmobil.com\\\/#website\",\"url\":\"https:\\\/\\\/protecmobil.com\\\/\",\"name\":\"PROTEC, Wohnmobile mit beidseitigen Slide Outs &uuml;ber die komplette Aufbaul&auml;nge.\",\"description\":\"Einzigartige Reisemobile mit innovativem Raumkonzept direkt vom Hersteller\",\"potentialAction\":[{\"@type\":\"SearchAction\",\"target\":{\"@type\":\"EntryPoint\",\"urlTemplate\":\"https:\\\/\\\/protecmobil.com\\\/?s={search_term_string}\"},\"query-input\":{\"@type\":\"PropertyValueSpecification\",\"valueRequired\":true,\"valueName\":\"search_term_string\"}}],\"inLanguage\":\"fr-FR\"}]}<\/script>\n","yoast_head_json":{"title":"D\u00e9couvrez la Q18, avec des slide out sur toute la longueur","description":"Le Protec Q18, unique en son genre, est le premier camping-car \u00e0 disposer de slide out sur toute la longueur de la carrosserie. Un gain d'espace de 55% en mode habitable.","robots":{"index":"index","follow":"follow","max-snippet":"max-snippet:-1","max-image-preview":"max-image-preview:large","max-video-preview":"max-video-preview:-1"},"canonical":"http:\/\/protecmobil.com\/fr\/q18\/","og_locale":"fr_FR","og_type":"article","og_title":"D\u00e9couvrez la Q18, avec des slide out sur toute la longueur","og_description":"Le Protec Q18, unique en son genre, est le premier camping-car \u00e0 disposer de slide out sur toute la longueur de la carrosserie. Un gain d'espace de 55% en mode habitable.","og_url":"http:\/\/protecmobil.com\/fr\/q18\/","og_site_name":"PROTEC, Wohnmobile mit beidseitigen Slide Outs &uuml;ber die komplette Aufbaul&auml;nge.","article_modified_time":"2025-05-30T08:10:24+00:00","twitter_card":"summary_large_image","twitter_misc":{"Dur\u00e9e de lecture estim\u00e9e":"21 minutes"},"schema":{"@context":"https:\/\/schema.org","@graph":[{"@type":"WebPage","@id":"http:\/\/protecmobil.com\/fr\/q18\/","url":"http:\/\/protecmobil.com\/fr\/q18\/","name":"D\u00e9couvrez la Q18, avec des slide out sur toute la longueur","isPartOf":{"@id":"https:\/\/protecmobil.com\/#website"},"datePublished":"2017-04-13T12:58:19+00:00","dateModified":"2025-05-30T08:10:24+00:00","description":"Le Protec Q18, unique en son genre, est le premier camping-car \u00e0 disposer de slide out sur toute la longueur de la carrosserie. Un gain d'espace de 55% en mode habitable.","breadcrumb":{"@id":"http:\/\/protecmobil.com\/fr\/q18\/#breadcrumb"},"inLanguage":"fr-FR","potentialAction":[{"@type":"ReadAction","target":["http:\/\/protecmobil.com\/fr\/q18\/"]}]},{"@type":"BreadcrumbList","@id":"http:\/\/protecmobil.com\/fr\/q18\/#breadcrumb","itemListElement":[{"@type":"ListItem","position":1,"name":"Startseite","item":"https:\/\/protecmobil.com\/fr\/"},{"@type":"ListItem","position":2,"name":"Q18"}]},{"@type":"WebSite","@id":"https:\/\/protecmobil.com\/#website","url":"https:\/\/protecmobil.com\/","name":"PROTEC, Wohnmobile mit beidseitigen Slide Outs &uuml;ber die komplette Aufbaul&auml;nge.","description":"Einzigartige Reisemobile mit innovativem Raumkonzept direkt vom Hersteller","potentialAction":[{"@type":"SearchAction","target":{"@type":"EntryPoint","urlTemplate":"https:\/\/protecmobil.com\/?s={search_term_string}"},"query-input":{"@type":"PropertyValueSpecification","valueRequired":true,"valueName":"search_term_string"}}],"inLanguage":"fr-FR"}]}},"_links":{"self":[{"href":"http:\/\/protecmobil.com\/fr\/wp-json\/wp\/v2\/pages\/4389","targetHints":{"allow":["GET"]}}],"collection":[{"href":"http:\/\/protecmobil.com\/fr\/wp-json\/wp\/v2\/pages"}],"about":[{"href":"http:\/\/protecmobil.com\/fr\/wp-json\/wp\/v2\/types\/page"}],"author":[{"embeddable":true,"href":"http:\/\/protecmobil.com\/fr\/wp-json\/wp\/v2\/users\/1"}],"replies":[{"embeddable":true,"href":"http:\/\/protecmobil.com\/fr\/wp-json\/wp\/v2\/comments?post=4389"}],"version-history":[{"count":14,"href":"http:\/\/protecmobil.com\/fr\/wp-json\/wp\/v2\/pages\/4389\/revisions"}],"predecessor-version":[{"id":5867,"href":"http:\/\/protecmobil.com\/fr\/wp-json\/wp\/v2\/pages\/4389\/revisions\/5867"}],"wp:attachment":[{"href":"http:\/\/protecmobil.com\/fr\/wp-json\/wp\/v2\/media?parent=4389"}],"curies":[{"name":"wp","href":"https:\/\/api.w.org\/{rel}","templated":true}]}}